{"id":4731,"date":"2016-12-08T08:33:23","date_gmt":"2016-12-08T08:33:23","guid":{"rendered":"https:\/\/www.easydaysamui.com\/koh-phangan-hotels\/haad-yao-bay-view-resort\/"},"modified":"2020-08-04T12:31:24","modified_gmt":"2020-08-04T05:31:24","slug":"haad-yao-bay-view-resort-und-tagesausfluege","status":"publish","type":"page","link":"https:\/\/www.easydaysamui.com\/de\/koh-phangan-hotels-und-tagesausfluege\/haad-yao-bay-view-resort-und-tagesausfluege\/","title":{"rendered":"Haad Yao Bay View Resort"},"content":{"rendered":"<figure id=\"attachment_500\" aria-describedby=\"caption-attachment-500\" style=\"width: 300px\" class=\"wp-caption alignright\"><a href=\"https:\/\/www.easydaysamui.com\/wp-content\/uploads\/2014\/03\/accom-33-e1394783253555.jpg\"><img loading=\"lazy\" decoding=\"async\" class=\"wp-image-500 size-medium\" title=\"Haad Yao Bay View Resort - Koh Samui\" src=\"https:\/\/www.easydaysamui.com\/wp-content\/uploads\/2014\/03\/accom-33-300x199.jpg\" alt=\"Haad Yao Bay View Resort auf Koh Phangan. Tagesausfl\u00fcge, Schnorcheln bei Koh Tao, Tauchen, Insel h\u00fcpfen uvm. k\u00f6nnen Sie von hier aus durchf\u00fchren. \" width=\"300\" height=\"199\" \/><\/a><figcaption id=\"caption-attachment-500\" class=\"wp-caption-text\">Haad Yao Bay View Resort &#8211; Spektakul\u00e4re Aussicht<\/figcaption><\/figure>\n<p>Haad Yao Bay View Resort &amp; Spa auf<a title=\"Koh Phangan\" href=\"https:\/\/www.easydaysamui.com\/de\/koh-phangan\/\" target=\"_blank\" rel=\"noopener noreferrer\"> Koh Phangan<\/a> ist ein 3 Sterne Resort im Westen der Insel. Es ist am Ende des Strandes auf einer Klippe erbaut wurden. Vor hier aus hat man eine Perfekte Sicht \u00fcber die Bucht des Haad Yao Strandes. In diesen Hotel haben Sie eine ultimative Aussicht, was sich zum Sonnenuntergang bemerkbar machen wird.<\/p>\n<ul>\n<li><strong>Befindet<\/strong> sich am Haad Yao Strand<\/li>\n<li><b>Direkt am Strand<br \/>\n<\/b><\/li>\n<li><b>Bungalows mit Aussicht<br \/>\n<\/b><\/li>\n<li><strong>Sch\u00f6ne Umgebung<br \/>\n<\/strong><\/li>\n<li><b>Sehr Ruhige Lage<br \/>\n<\/b><\/li>\n<\/ul>\n<p> <strong><span style=\"color: #ff0000;\">3 Tage \/ 2 N\u00e4chte<\/span> &#8211; Preise in Thai Baht pro Person starten von <\/strong><strong>2,760 <\/strong><\/p>\n<p><strong><a title=\"Easy Day Contact Form\" href=\"#form\">&gt;&gt; Erhalten Sie hier Ihr pers\u00f6nliches Angebot!<\/a><\/strong> <\/p>\n<p><strong>Hotel Angebot beinhaltet :<\/strong><\/p>\n<p><span style=\"line-height: 1.5em;\"><div class=\"shortcode-unorderedlist tick\"><\/span><\/p>\n<ul>\n<li><strong>Private Abholung an der Pier.<br \/>\n<\/strong><\/li>\n<li><span id=\"result_box\" class=\"\" lang=\"de\"><span class=\"\">Zimmerpreise Basierend auf Doppel- \/ Zweibettzimmern<\/span><\/span> beim<strong> Standard Zimmer.<br \/>\n<\/strong><\/li>\n<li><strong>Inklusive Fr\u00fchst\u00fcck.<\/strong><\/li>\n<li><span style=\"line-height: 1.5em;\"><strong>W<\/strong><\/span><span style=\"line-height: 1.5em;\"><strong>i-Fi<\/strong> verf\u00fcgbar.<br \/>\n<\/span><\/li>\n<li>Steuern und Versicherung.<\/li>\n<\/ul>\n<p><\/div>\n<\/p>\n<p style=\"text-align: right;\"><a href=\"#form\"class=\"wpz-sc-button\" style=\"\"><span class=\"wpz-\">Buchen \/ Fragen<\/span><\/a><\/p>\n<h2>\u00a0Haad Yao Bay View Resort &#8211; Bilder Galerie<\/h2>\n<div class='gallery'><figure class='gallery-item'>\n\t\t\t<div class='gallery-icon landscape'>\n\t\t\t\t<img loading=\"lazy\" decoding=\"async\" width=\"150\" height=\"150\" src=\"https:\/\/www.easydaysamui.com\/wp-content\/uploads\/2014\/03\/accom-30-150x150.jpg\" class=\"attachment-thumbnail size-thumbnail\" alt=\"\" aria-describedby=\"gallery-1-1604\" \/>\n\t\t\t<\/div>\n\t\t\t\t<figcaption class='wp-caption-text gallery-caption' id='gallery-1-1604'>\n\t\t\t\tHaad Yao Bay View Resort\n\t\t\t\t<\/figcaption><\/figure><figure class='gallery-item'>\n\t\t\t<div class='gallery-icon landscape'>\n\t\t\t\t<img loading=\"lazy\" decoding=\"async\" width=\"150\" height=\"150\" src=\"https:\/\/www.easydaysamui.com\/wp-content\/uploads\/2014\/03\/accom-01-150x150.jpg\" class=\"attachment-thumbnail size-thumbnail\" alt=\"\" aria-describedby=\"gallery-1-1603\" \/>\n\t\t\t<\/div>\n\t\t\t\t<figcaption class='wp-caption-text gallery-caption' id='gallery-1-1603'>\n\t\t\t\tHaad Yao Bay View Resort\n\t\t\t\t<\/figcaption><\/figure><figure class='gallery-item'>\n\t\t\t<div class='gallery-icon landscape'>\n\t\t\t\t<img loading=\"lazy\" decoding=\"async\" width=\"150\" height=\"150\" src=\"https:\/\/www.easydaysamui.com\/wp-content\/uploads\/2014\/03\/dining_image2-150x150.jpg\" class=\"attachment-thumbnail size-thumbnail\" alt=\"\" aria-describedby=\"gallery-1-1605\" \/>\n\t\t\t<\/div>\n\t\t\t\t<figcaption class='wp-caption-text gallery-caption' id='gallery-1-1605'>\n\t\t\t\tHaad Yao Bay View Resort\n\t\t\t\t<\/figcaption><\/figure>\n\t\t<\/div>\n\n<h2>\u00a0Haad Yao Bay View Resort Einrichtungen<\/h2>\n<div class=\"twocol-one\">\n<ul>\n<li><strong>&#8222;Infinity Pool&#8220;.<\/strong><\/li>\n<li>Zimmerservice.<\/li>\n<li>Wellness und Massage.<\/li>\n<li><strong>Strand Restaurant.<br \/>\n<\/strong><\/li>\n<\/ul>\n<\/div> <div class=\"twocol-one last\">\n<ul>\n<li><strong>Kindergartenservice.<br \/>\n<\/strong><\/li>\n<li>Sch\u00f6nheitssalon.<\/li>\n<li>Kostenloses Parken.<\/li>\n<li><strong>W\u00e4schereitservice.<br \/>\n<\/strong><\/li>\n<\/ul>\n<\/div><br clear=\"all\" \/><a name=\"form\"><\/a><\/p>\n<h3><strong>Urlaubs Angebot &#8211; Tagesausfl\u00fcge, F\u00e4hrtickets, Schnorcheln und Ihr Hotel in einem\u00a0 Komplettangebot von Easy Day Samui<\/strong><\/h3>\n<p><strong>Top Angebote f\u00fcr Tagesausfl\u00fcge sowie Inselh\u00fcpfen<\/strong> &#8211; Bei Hotel und Ausflugsbuchungen sind die Transfers immer Gratis dabei. <span style=\"color: #ff0000;\"><strong>Erhalten Sie hier Ihr pers\u00f6nliches Angebotet!<\/strong><\/span><\/p>\n<p>[gravityform id=&#8220;4&#8243; title=&#8220;false&#8220; description=&#8220;true&#8220; ajax=&#8220;true&#8220;]<\/p>\n<h2>Haad Yao Bay View Resort &#8211; Die Anreise<\/h2>\n<p>Unser Hotel Angebot schlie\u00dft Ihre Abholung von der Pier auf Koh Phangan ein. Im Falle Sie m\u00f6chten selbst anreisen, bitte geben Sie uns die genauen Angaben wo und wann Sie abgeholt werden m\u00f6chten.<\/p>\n<p>Nicht weit vom Hotel entfernt befindet sich ein Supermarkt. Am Strand gibt es Thai Massagen inklusive Wellnesspacket. Auch f\u00fcr aktivere G\u00e4ste haben wir vorgesorgt. Von Ihrem Hotel k\u00f6nnen Sie per Tagesausflug den <a title=\"Angthong National Park\" href=\"https:\/\/www.easydaysamui.com\/angthong-national-park\/\" target=\"_blank\" rel=\"noopener noreferrer\">Angthong Nationalpark<\/a> bereisen, Tauchen gehen, Schnorcheln, Kajak fahren und vieles mehr.<\/p>\n<p>Das Resort ist zum Entspannen und hat ein perfektes Preis-Leistungs-Verh\u00e4ltnis. Egal was Sie suchen, in diesen Resort und mit Easy Day Samui wird Ihr Urlaub auf <a title=\"Koh Phangan\" href=\"https:\/\/www.easydaysamui.com\/de\/koh-phangan\/\" target=\"_blank\" rel=\"noopener noreferrer\">Koh Phangan<\/a> unvergesslich.<\/p>\n<h3>Haad Yao Bay View Resort- Allgemeine Informationen<\/h3>\n<ul>\n<li><strong>Check in:<\/strong>\u00a0<b>13:00.<\/b><\/li>\n<li><strong>Check out: 11:00.<\/strong><\/li>\n<li><strong>Mindestaufenthalt:<\/strong> 3 N\u00e4chte w\u00e4hrend der <a title=\"Full Moon Party Koh Phangan\" href=\"https:\/\/www.easydaysamui.com\/full-moon-party-koh-phangan\/\"> Full Moon Party<\/a>.<\/li>\n<li><strong>Zeitiger Check in \/ Sp\u00e4terer Check out: <\/strong>Ist m\u00f6glich je nach Ihren Aufenthalten.<strong>\u00a0<\/strong><\/li>\n<li><strong>Anreise mit Kindern: <\/strong>Kinder unter 4 Jahren \u00fcbernachten Gratis mit Ihren Eltern<strong>.<br \/>\n<\/strong><\/li>\n<li><strong>Obligatorische Mahlzeit: Ja: &#8222;New Year Dinner Gala&#8220; am 31. Dezember.<\/strong><\/li>\n<\/ul>\n","protected":false},"excerpt":{"rendered":"<p>Haad Yao Bay View Resort &amp; Spa auf Koh Phangan ist ein 3 Sterne Resort im Westen der Insel. Es ist am Ende des Strandes auf einer Klippe erbaut wurden. [&hellip;]<\/p>\n","protected":false},"author":3,"featured_media":0,"parent":4718,"menu_order":0,"comment_status":"closed","ping_status":"open","template":"","meta":{"_et_pb_use_builder":"","_et_pb_old_content":"","_et_gb_content_width":"","content-type":"","footnotes":""},"class_list":["post-4731","page","type-page","status-publish","hentry"],"yoast_head":"<!-- This site is optimized with the Yoast SEO plugin v25.1 - https:\/\/yoast.com\/wordpress\/plugins\/seo\/ -->\n<title>Haad Yao Bay View Resort gebucht mit Easy Day Samui<\/title>\n<meta name=\"description\" content=\"Haad Yao Bay View Resort auf Koh Phangan. Tagesausfl\u00fcge, Schnorcheln bei Koh Tao, Tauchen, Inselh\u00fcpfen uvm. k\u00f6nnen Sie vom Bay View Resort aus durchf\u00fchren.\" \/>\n<meta name=\"robots\" content=\"index, follow, max-snippet:-1, max-image-preview:large, max-video-preview:-1\" \/>\n<link rel=\"canonical\" href=\"https:\/\/www.easydaysamui.com\/de\/koh-phangan-hotels-und-tagesausfluege\/haad-yao-bay-view-resort-und-tagesausfluege\/\" \/>\n<meta property=\"og:locale\" content=\"de_DE\" \/>\n<meta property=\"og:type\" content=\"article\" \/>\n<meta property=\"og:title\" content=\"Haad Yao Bay View Resort gebucht mit Easy Day Samui\" \/>\n<meta property=\"og:description\" content=\"Haad Yao Bay View Resort auf Koh Phangan. Tagesausfl\u00fcge, Schnorcheln bei Koh Tao, Tauchen, Inselh\u00fcpfen uvm. k\u00f6nnen Sie vom Bay View Resort aus durchf\u00fchren.\" \/>\n<meta property=\"og:url\" content=\"https:\/\/www.easydaysamui.com\/de\/koh-phangan-hotels-und-tagesausfluege\/haad-yao-bay-view-resort-und-tagesausfluege\/\" \/>\n<meta property=\"og:site_name\" content=\"Easy Day Samui Tours\" \/>\n<meta property=\"article:modified_time\" content=\"2020-08-04T05:31:24+00:00\" \/>\n<meta property=\"og:image\" content=\"https:\/\/www.easydaysamui.com\/wp-content\/uploads\/2014\/03\/accom-01-150x150.jpg\" \/>\n<meta name=\"twitter:label1\" content=\"Gesch\u00e4tzte Lesezeit\" \/>\n\t<meta name=\"twitter:data1\" content=\"2\u00a0Minuten\" \/>\n<script type=\"application\/ld+json\" class=\"yoast-schema-graph\">{\"@context\":\"https:\/\/schema.org\",\"@graph\":[{\"@type\":\"WebPage\",\"@id\":\"https:\/\/www.easydaysamui.com\/de\/koh-phangan-hotels-und-tagesausfluege\/haad-yao-bay-view-resort-und-tagesausfluege\/\",\"url\":\"https:\/\/www.easydaysamui.com\/de\/koh-phangan-hotels-und-tagesausfluege\/haad-yao-bay-view-resort-und-tagesausfluege\/\",\"name\":\"Haad Yao Bay View Resort gebucht mit Easy Day Samui\",\"isPartOf\":{\"@id\":\"https:\/\/www.easydaysamui.com\/#website\"},\"primaryImageOfPage\":{\"@id\":\"https:\/\/www.easydaysamui.com\/de\/koh-phangan-hotels-und-tagesausfluege\/haad-yao-bay-view-resort-und-tagesausfluege\/#primaryimage\"},\"image\":{\"@id\":\"https:\/\/www.easydaysamui.com\/de\/koh-phangan-hotels-und-tagesausfluege\/haad-yao-bay-view-resort-und-tagesausfluege\/#primaryimage\"},\"thumbnailUrl\":\"https:\/\/www.easydaysamui.com\/wp-content\/uploads\/2014\/03\/accom-33-300x199.jpg\",\"datePublished\":\"2016-12-08T08:33:23+00:00\",\"dateModified\":\"2020-08-04T05:31:24+00:00\",\"description\":\"Haad Yao Bay View Resort auf Koh Phangan. Tagesausfl\u00fcge, Schnorcheln bei Koh Tao, Tauchen, Inselh\u00fcpfen uvm. k\u00f6nnen Sie vom Bay View Resort aus durchf\u00fchren.\",\"breadcrumb\":{\"@id\":\"https:\/\/www.easydaysamui.com\/de\/koh-phangan-hotels-und-tagesausfluege\/haad-yao-bay-view-resort-und-tagesausfluege\/#breadcrumb\"},\"inLanguage\":\"de\",\"potentialAction\":[{\"@type\":\"ReadAction\",\"target\":[\"https:\/\/www.easydaysamui.com\/de\/koh-phangan-hotels-und-tagesausfluege\/haad-yao-bay-view-resort-und-tagesausfluege\/\"]}]},{\"@type\":\"ImageObject\",\"inLanguage\":\"de\",\"@id\":\"https:\/\/www.easydaysamui.com\/de\/koh-phangan-hotels-und-tagesausfluege\/haad-yao-bay-view-resort-und-tagesausfluege\/#primaryimage\",\"url\":\"https:\/\/www.easydaysamui.com\/wp-content\/uploads\/2014\/03\/accom-33-300x199.jpg\",\"contentUrl\":\"https:\/\/www.easydaysamui.com\/wp-content\/uploads\/2014\/03\/accom-33-300x199.jpg\"},{\"@type\":\"BreadcrumbList\",\"@id\":\"https:\/\/www.easydaysamui.com\/de\/koh-phangan-hotels-und-tagesausfluege\/haad-yao-bay-view-resort-und-tagesausfluege\/#breadcrumb\",\"itemListElement\":[{\"@type\":\"ListItem\",\"position\":1,\"name\":\"Home\",\"item\":\"https:\/\/www.easydaysamui.com\/\"},{\"@type\":\"ListItem\",\"position\":2,\"name\":\"Koh Phangan Hotels\",\"item\":\"https:\/\/www.easydaysamui.com\/de\/koh-phangan-hotels-und-tagesausfluege\/\"},{\"@type\":\"ListItem\",\"position\":3,\"name\":\"Haad Yao Bay View Resort\"}]},{\"@type\":\"WebSite\",\"@id\":\"https:\/\/www.easydaysamui.com\/#website\",\"url\":\"https:\/\/www.easydaysamui.com\/\",\"name\":\"Easy Day Samui Tours\",\"description\":\"Ihr Reisepartner in Koh Samui f\u00fcr Ausfl\u00fcge & Touren\",\"potentialAction\":[{\"@type\":\"SearchAction\",\"target\":{\"@type\":\"EntryPoint\",\"urlTemplate\":\"https:\/\/www.easydaysamui.com\/?s={search_term_string}\"},\"query-input\":{\"@type\":\"PropertyValueSpecification\",\"valueRequired\":true,\"valueName\":\"search_term_string\"}}],\"inLanguage\":\"de\"}]}<\/script>\n<!-- \/ Yoast SEO plugin. -->","yoast_head_json":{"title":"Haad Yao Bay View Resort gebucht mit Easy Day Samui","description":"Haad Yao Bay View Resort auf Koh Phangan. Tagesausfl\u00fcge, Schnorcheln bei Koh Tao, Tauchen, Inselh\u00fcpfen uvm. k\u00f6nnen Sie vom Bay View Resort aus durchf\u00fchren.","robots":{"index":"index","follow":"follow","max-snippet":"max-snippet:-1","max-image-preview":"max-image-preview:large","max-video-preview":"max-video-preview:-1"},"canonical":"https:\/\/www.easydaysamui.com\/de\/koh-phangan-hotels-und-tagesausfluege\/haad-yao-bay-view-resort-und-tagesausfluege\/","og_locale":"de_DE","og_type":"article","og_title":"Haad Yao Bay View Resort gebucht mit Easy Day Samui","og_description":"Haad Yao Bay View Resort auf Koh Phangan. Tagesausfl\u00fcge, Schnorcheln bei Koh Tao, Tauchen, Inselh\u00fcpfen uvm. k\u00f6nnen Sie vom Bay View Resort aus durchf\u00fchren.","og_url":"https:\/\/www.easydaysamui.com\/de\/koh-phangan-hotels-und-tagesausfluege\/haad-yao-bay-view-resort-und-tagesausfluege\/","og_site_name":"Easy Day Samui Tours","article_modified_time":"2020-08-04T05:31:24+00:00","og_image":[{"url":"https:\/\/www.easydaysamui.com\/wp-content\/uploads\/2014\/03\/accom-01-150x150.jpg","type":"","width":"","height":""}],"twitter_misc":{"Gesch\u00e4tzte Lesezeit":"2\u00a0Minuten"},"schema":{"@context":"https:\/\/schema.org","@graph":[{"@type":"WebPage","@id":"https:\/\/www.easydaysamui.com\/de\/koh-phangan-hotels-und-tagesausfluege\/haad-yao-bay-view-resort-und-tagesausfluege\/","url":"https:\/\/www.easydaysamui.com\/de\/koh-phangan-hotels-und-tagesausfluege\/haad-yao-bay-view-resort-und-tagesausfluege\/","name":"Haad Yao Bay View Resort gebucht mit Easy Day Samui","isPartOf":{"@id":"https:\/\/www.easydaysamui.com\/#website"},"primaryImageOfPage":{"@id":"https:\/\/www.easydaysamui.com\/de\/koh-phangan-hotels-und-tagesausfluege\/haad-yao-bay-view-resort-und-tagesausfluege\/#primaryimage"},"image":{"@id":"https:\/\/www.easydaysamui.com\/de\/koh-phangan-hotels-und-tagesausfluege\/haad-yao-bay-view-resort-und-tagesausfluege\/#primaryimage"},"thumbnailUrl":"https:\/\/www.easydaysamui.com\/wp-content\/uploads\/2014\/03\/accom-33-300x199.jpg","datePublished":"2016-12-08T08:33:23+00:00","dateModified":"2020-08-04T05:31:24+00:00","description":"Haad Yao Bay View Resort auf Koh Phangan. Tagesausfl\u00fcge, Schnorcheln bei Koh Tao, Tauchen, Inselh\u00fcpfen uvm. k\u00f6nnen Sie vom Bay View Resort aus durchf\u00fchren.","breadcrumb":{"@id":"https:\/\/www.easydaysamui.com\/de\/koh-phangan-hotels-und-tagesausfluege\/haad-yao-bay-view-resort-und-tagesausfluege\/#breadcrumb"},"inLanguage":"de","potentialAction":[{"@type":"ReadAction","target":["https:\/\/www.easydaysamui.com\/de\/koh-phangan-hotels-und-tagesausfluege\/haad-yao-bay-view-resort-und-tagesausfluege\/"]}]},{"@type":"ImageObject","inLanguage":"de","@id":"https:\/\/www.easydaysamui.com\/de\/koh-phangan-hotels-und-tagesausfluege\/haad-yao-bay-view-resort-und-tagesausfluege\/#primaryimage","url":"https:\/\/www.easydaysamui.com\/wp-content\/uploads\/2014\/03\/accom-33-300x199.jpg","contentUrl":"https:\/\/www.easydaysamui.com\/wp-content\/uploads\/2014\/03\/accom-33-300x199.jpg"},{"@type":"BreadcrumbList","@id":"https:\/\/www.easydaysamui.com\/de\/koh-phangan-hotels-und-tagesausfluege\/haad-yao-bay-view-resort-und-tagesausfluege\/#breadcrumb","itemListElement":[{"@type":"ListItem","position":1,"name":"Home","item":"https:\/\/www.easydaysamui.com\/"},{"@type":"ListItem","position":2,"name":"Koh Phangan Hotels","item":"https:\/\/www.easydaysamui.com\/de\/koh-phangan-hotels-und-tagesausfluege\/"},{"@type":"ListItem","position":3,"name":"Haad Yao Bay View Resort"}]},{"@type":"WebSite","@id":"https:\/\/www.easydaysamui.com\/#website","url":"https:\/\/www.easydaysamui.com\/","name":"Easy Day Samui Tours","description":"Ihr Reisepartner in Koh Samui f\u00fcr Ausfl\u00fcge & Touren","potentialAction":[{"@type":"SearchAction","target":{"@type":"EntryPoint","urlTemplate":"https:\/\/www.easydaysamui.com\/?s={search_term_string}"},"query-input":{"@type":"PropertyValueSpecification","valueRequired":true,"valueName":"search_term_string"}}],"inLanguage":"de"}]}},"jetpack-related-posts":[{"id":4718,"url":"https:\/\/www.easydaysamui.com\/de\/koh-phangan-hotels-und-tagesausfluege\/","url_meta":{"origin":4731,"position":0},"title":"Koh Phangan Hotels","author":"Ingo Siewert","date":"Dezember 8, 2016","format":false,"excerpt":"Koh Phangan Hotels ausgesucht von Easy Day Samui \u2013 Von 3 Sterne Hotels bis hin zum 5 Sterne Resorts haben wir es uns nicht einfach gemacht die Besten Hotels f\u00fcr Sie auf Koh Phangan heraus zu suchen. Buchen Sie Ihre Koh Phangan Hotels f\u00fcr die Flitterwochen oder zur Full Moon\u2026","rel":"","context":"\u00c4hnlicher Beitrag","block_context":{"text":"\u00c4hnlicher Beitrag","link":""},"img":{"alt_text":"","src":"","width":0,"height":0},"classes":[]},{"id":4745,"url":"https:\/\/www.easydaysamui.com\/de\/koh-phangan-hotels-und-tagesausfluege\/haad-yao-bungalows-und-tagesausfluege\/","url_meta":{"origin":4731,"position":1},"title":"Haad Yao Bungalows","author":"Ingo Siewert","date":"Dezember 8, 2016","format":false,"excerpt":"Haad Yao Bungalows bietet Ihnen Neue Klimatisierte Zimmer zum Fairen Preis. Der lange Pool l\u00e4dt jeden Gast zum aktiven Schwimmen ein. Ziehen Sie Ihre Bahnen und tuen Sie etwas f\u00fcr Ihre Gesundheit! Die Anlage hat direkten Zugang zum wundersch\u00f6nen Haad Yao Strand. Befindet sich am Haad Yao Strand Direkt am\u2026","rel":"","context":"\u00c4hnlicher Beitrag","block_context":{"text":"\u00c4hnlicher Beitrag","link":""},"img":{"alt_text":"Haad Yao Bungalows","src":"https:\/\/i0.wp.com\/www.easydaysamui.com\/wp-content\/uploads\/2014\/03\/Room2-150x150.jpg?resize=350%2C200&ssl=1","width":350,"height":200},"classes":[]},{"id":499,"url":"https:\/\/www.easydaysamui.com\/koh-phangan-hotels\/haad-yao-bay-view-resort\/","url_meta":{"origin":4731,"position":2},"title":"Haad Yao Bay View Resort","author":"Ingo Siewert","date":"April 2, 2014","format":false,"excerpt":"Haad Yao Bay View Resort Haad Yao Bay View Resort & Spa is a 3-star resort located perfectly on a hill, allowing guests to take full advantage of the panoramic view of Haad Yao Bay, which is North-West on Koh Phangan. There really are no better views. Located in Haad\u2026","rel":"","context":"Mit 1 Kommentar","block_context":{"text":"Mit 1 Kommentar","link":"https:\/\/www.easydaysamui.com\/koh-phangan-hotels\/haad-yao-bay-view-resort\/#comments"},"img":{"alt_text":"Haad Yao Bay View Resort","src":"https:\/\/i0.wp.com\/www.easydaysamui.com\/wp-content\/uploads\/2014\/03\/accom-01-150x150.jpg?resize=350%2C200&ssl=1","width":350,"height":200,"srcset":"https:\/\/i0.wp.com\/www.easydaysamui.com\/wp-content\/uploads\/2014\/03\/accom-01-150x150.jpg?resize=350%2C200&ssl=1 1x, https:\/\/i0.wp.com\/www.easydaysamui.com\/wp-content\/uploads\/2014\/03\/accom-01-150x150.jpg?resize=525%2C300&ssl=1 1.5x, https:\/\/i0.wp.com\/www.easydaysamui.com\/wp-content\/uploads\/2014\/03\/accom-01-150x150.jpg?resize=700%2C400&ssl=1 2x"},"classes":[]},{"id":4714,"url":"https:\/\/www.easydaysamui.com\/de\/samui-phangan-koh-tao-hotels\/","url_meta":{"origin":4731,"position":3},"title":"Hotels auf Samui, Phangan und Koh Tao","author":"edt_samui_ingo","date":"Dezember 8, 2016","format":false,"excerpt":"Ausgesuchte Hotels in Koh Samui, Koh Tao und Koh Phangan. Die Besten Urlaubsangebote - Hotel und Tagesausfl\u00fcge organisiert und gebucht mit Easy Day Samui Ihrem Partner vor Ort wenn es um Urlaub auf Koh Samui geht. Erhalten Sie hier Ihr pers\u00f6nliches Angebot! Koh Samui Hotels Koh Samui ist die beliebteste\u2026","rel":"","context":"Mit 1 Kommentar","block_context":{"text":"Mit 1 Kommentar","link":"https:\/\/www.easydaysamui.com\/de\/samui-phangan-koh-tao-hotels\/#comments"},"img":{"alt_text":"Ausgesuchte Hotels auf Koh Samui, Koh Tao und Koh Phangan","src":"https:\/\/i0.wp.com\/www.easydaysamui.com\/wp-content\/uploads\/2014\/03\/Promtsuk-Buri-150x150.jpg?resize=350%2C200&ssl=1","width":350,"height":200},"classes":[]},{"id":4748,"url":"https:\/\/www.easydaysamui.com\/de\/koh-phangan-hotels-und-tagesausfluege\/coast-resort-koh-phangan-und-tagesausfluege\/","url_meta":{"origin":4731,"position":4},"title":"Coast Resort Koh Phangan","author":"Ingo Siewert","date":"Dezember 8, 2016","format":false,"excerpt":"The Coast Resort Koh Phangan liegt am kleinen Haad Rin Strand im S\u00fcden der Insel. Hier findet auch die ber\u00fchmte Voll Mond Party statt. Eine Gruppe von Freunden erf\u00fcllten sich Ihren gro\u00dfen Traum vom eigenen Hotel und entwarfen ein wunderbar geschnittenes Resort auf den Felsen der Haad Rim K\u00fcste auf\u00a0\u2026","rel":"","context":"\u00c4hnlicher Beitrag","block_context":{"text":"\u00c4hnlicher Beitrag","link":""},"img":{"alt_text":"","src":"https:\/\/i0.wp.com\/www.easydaysamui.com\/wp-content\/uploads\/2014\/03\/The-Coast-Resort-Bedroom-150x150.jpg?resize=350%2C200&ssl=1","width":350,"height":200},"classes":[]},{"id":791,"url":"https:\/\/www.easydaysamui.com\/koh-phangan-hotels\/","url_meta":{"origin":4731,"position":5},"title":"Koh Phangan Hotels","author":"Ingo Siewert","date":"April 2, 2014","format":false,"excerpt":"Koh Phangan Hotels selected by Easy Day Samui \u2013 From basic 3 Star Hotels to 5 Star Resorts you find below what you need for a relaxed holiday on Koh Phangan, most famous for the Full Moon Party. Haad Yao Beach Hotels Haad Yao Bay View Resort & Spa The\u2026","rel":"","context":"\u00c4hnlicher Beitrag","block_context":{"text":"\u00c4hnlicher Beitrag","link":""},"img":{"alt_text":"","src":"","width":0,"height":0},"classes":[]}],"jetpack_sharing_enabled":true,"_links":{"self":[{"href":"https:\/\/www.easydaysamui.com\/de\/wp-json\/wp\/v2\/pages\/4731","targetHints":{"allow":["GET"]}}],"collection":[{"href":"https:\/\/www.easydaysamui.com\/de\/wp-json\/wp\/v2\/pages"}],"about":[{"href":"https:\/\/www.easydaysamui.com\/de\/wp-json\/wp\/v2\/types\/page"}],"author":[{"embeddable":true,"href":"https:\/\/www.easydaysamui.com\/de\/wp-json\/wp\/v2\/users\/3"}],"replies":[{"embeddable":true,"href":"https:\/\/www.easydaysamui.com\/de\/wp-json\/wp\/v2\/comments?post=4731"}],"version-history":[{"count":0,"href":"https:\/\/www.easydaysamui.com\/de\/wp-json\/wp\/v2\/pages\/4731\/revisions"}],"up":[{"embeddable":true,"href":"https:\/\/www.easydaysamui.com\/de\/wp-json\/wp\/v2\/pages\/4718"}],"wp:attachment":[{"href":"https:\/\/www.easydaysamui.com\/de\/wp-json\/wp\/v2\/media?parent=4731"}],"curies":[{"name":"wp","href":"https:\/\/api.w.org\/{rel}","templated":true}]}}