{"id":5687,"date":"2019-05-22T20:35:00","date_gmt":"2019-05-22T13:35:00","guid":{"rendered":"https:\/\/www.easydaysamui.com\/?page_id=5687"},"modified":"2024-06-24T00:58:12","modified_gmt":"2024-06-23T17:58:12","slug":"tour-privato-delle-isole-koh-tan-koh-madsum","status":"publish","type":"page","link":"https:\/\/www.easydaysamui.com\/it\/attivita-escursioni-a-koh-samui\/tour-privato-delle-isole-koh-tan-koh-madsum\/","title":{"rendered":"Tour privato delle isole Koh Tan &#038; Koh Madsum"},"content":{"rendered":"\n<p><strong>Il Tour privato di Easy Day alle isole Koh Tan e Koh Madsum <\/strong>in barca long tail \u00e8 una bella e facile escursione da Koh Samui che unisce buon snorkeling con momenti di relax su una bella spiaggia di sabbia bianca. <a href=\"https:\/\/www.easydaysamui.com\/koh-tan-island\/\">Koh Tan<\/a> (o Koh Taen) &amp; Koh Madsum sono molto vicine a Koh Samui e non sono molto turistiche, quindi sono facili da raggiungere e non sono affollate. <strong>La soluzione migliore per coppie, famiglie con bambini o piccoli gruppi.<\/strong><\/p>\n\n\n<div class=\"wp-block-image\">\n<figure class=\"alignright\"><a href=\"https:\/\/www.easydaysamui.com\/wp-content\/uploads\/2017\/08\/Paradise-Koh-Madsum-300x169.jpg\"><img loading=\"lazy\" decoding=\"async\" width=\"300\" height=\"169\" src=\"https:\/\/www.easydaysamui.com\/wp-content\/uploads\/2017\/08\/Paradise-Koh-Madsum-300x169.jpg\" alt=\"Koh Madsum\" class=\"wp-image-5153\" srcset=\"https:\/\/www.easydaysamui.com\/wp-content\/uploads\/2017\/08\/Paradise-Koh-Madsum-300x169.jpg 300w, https:\/\/www.easydaysamui.com\/wp-content\/uploads\/2017\/08\/Paradise-Koh-Madsum-768x432.jpg 768w, https:\/\/www.easydaysamui.com\/wp-content\/uploads\/2017\/08\/Paradise-Koh-Madsum-1024x576.jpg 1024w, https:\/\/www.easydaysamui.com\/wp-content\/uploads\/2017\/08\/Paradise-Koh-Madsum-98x55.jpg 98w, https:\/\/www.easydaysamui.com\/wp-content\/uploads\/2017\/08\/Paradise-Koh-Madsum.jpg 1080w\" sizes=\"(max-width: 300px) 100vw, 300px\" \/><\/a><figcaption class=\"wp-element-caption\">La paradisiaca Koh Madsum<\/figcaption><\/figure>\n<\/div>\n\n<div class=\"shortcode-unorderedlist star\"><\/p>\n<ul>\n<li>Barca privata longtail!<\/li>\n<li>Perfetto per famiglie con bambini!<\/li>\n<li>Non turistico!<\/li>\n<li>Evitate le folle!<\/li>\n<li>Divertente snorkeling!<\/li>\n<li>Bellissima spiaggia!<\/li>\n<li>Programma ed orari flessibili!<\/li>\n<\/ul>\n<p><\/div>\n\n\n\n\n<p class=\"has-text-align-center\"><a href=\"#gallery\">Galleria<\/a> | <a href=\"#itinerary\">Itinerario<\/a> | <a href=\"#expect\">Cosa aspettarsi<\/a><\/p>\n\n\n<p> <b>Prezzo in Thai Baht per persona: <\/b> 5,800 <b>(minimo 2 persone)<\/b>| Persona extra<\/strong>\u00a01,400. Bambini sotto 5 anni gratis. Bambini 5 &#8211; 11 anni Thai Baht 700 per bambino.<strong>\u00a0<a title=\"Easy Day Contact Form\" href=\"#form\">&gt;&gt; <b>Ottieni il tuo preventivo gratuito!<\/b> <\/a><\/p>\n\n\n\n<p><strong>Il Tour di Koh Taen &amp; Koh Madsum comprende:<\/strong><\/p>\n\n\n<div class=\"shortcode-unorderedlist tick\"><\/p>\n<ul>\n<li>Trasferimento privato in minivan o macchina con aria condizionata tra il tuo hotel di Samui ed il molo.<\/li>\n<li>Noleggio privato di <a href=\"https:\/\/www.easydaythailand.com\/blog\/boats-of-thailand\/#longtail\">una barca longatil<\/a>con skipper e carburante incluso.<\/li>\n<li>Acqua e bibite a bordo.<\/li>\n<li>Pranzo-pic nic in spiaggia, stile buffet.<\/li>\n<li>Guida turistica di Samui di lingua inglese, cordiale e ben informato.<\/li>\n<li>Assicurazione contro gli infortuni.<\/li>\n<\/ul>\n<p><\/div>\n\n\n\n\n<p class=\"has-text-align-right\"><a href=\"#form\"class=\"wpz-sc-button  green small\" style=\"\"><span><i class=\"fa fa-envelope-o\" style=\"padding-right:6px;\"><\/i>Prenota \/ Contattaci<\/span><\/a><\/p>\n\n\n\n<h2 class=\"wp-block-heading\" id=\"gallery\">Galleria di Koh Tan &amp; Koh Madsum<\/h2>\n\n\n\n<figure class=\"wp-block-gallery has-nested-images columns-3 is-cropped wp-block-gallery-1 is-layout-flex wp-block-gallery-is-layout-flex\">\n\n\n\n\n\n\n\n\n\n\n\n\n\n\n\n\n\n\n\n\n\n\n\n\n\n<\/figure>\n\n\n\n<h2 class=\"wp-block-heading\" id=\"itinerary\">Itinerario Tour Privato di Koh Taen &amp; Koh Madsum<\/h2>\n\n\n\n<ul class=\"wp-block-list\">\n<li>08:00-08:30 \u2013 La nostra guida ed autista verranno a prendervi in minivan privato con aria condizionata al vostro Hotel di Samui e vi porteranno al molo di Thong Krut, all&#8217;estremit\u00e0 meridionale dell&#8217;isola di Samui. Si consiglia di iniziare presto la giornata per evitare le folle. L\u2019ora esatta del trasferimento dipende dalla posizione del vostro Hotel di Koh Samui.<\/li>\n\n\n\n<li>Ore 09.00 \u2013 Inizio crociera sulla vostra barca privata longtai. Il viaggio verso Koh Taen dura circa 30 minuti.<\/li>\n\n\n\n<li>09:30 \u2013 Arrivo a Koh Tan. Godetevi lo snorkeling sulla barriera corallina poco profonda e vivace, con bellissimi coralli duri e moltissimi piccoli pesci tropicali.<\/li>\n\n\n\n<li>10:30 \u2013 Ritorno a bordo della barca, crociera verso la vicina Koh Madsum.<\/li>\n\n\n\n<li>11:00 \u2013 Arrivo a Koh Madsum, dove avrete un sacco di tempo per godervi la spiaggia di sabbia bianca, nuotare in acque cristalline e rilassarvi.<\/li>\n\n\n\n<li>13:30 \u2013 Partenza da Koh Madsum e viaggio di ritorno verso il molo.<\/li>\n\n\n\n<li>14:30 \u2013 Arrivati al molo di Thong Krut pranzerete vicino al molo.<\/li>\n\n\n\n<li>15:00 \u2013 Trasferimento al vostro hotel a Koh Samui, con arrivo verso le ore15:30.<\/li>\n<\/ul>\n\n\n\n<p>* Il <strong>programma e gli orari del tour <\/strong>a Koh Tan &amp; Koh Madsum descritti qui sopra sono solamente indicativi e possono essere personalizzati per soddisfare al meglio le vostre esigenze. Possono variare anche a seconda delle condizioni del mare e del tempo, delle maree e della logistica del giorno scelto.<\/p>\n\n\n\n<p class=\"has-text-align-right\"><a href=\"#form\"class=\"wpz-sc-button  green small\" style=\"\"><span><i class=\"fa fa-envelope-o\" style=\"padding-right:6px;\"><\/i>Prenota \/ Contattaci<\/span><\/a><\/p>\n\n\n\n<h3 class=\"wp-block-heading\"><strong>Cosa aspettarsi dal Tour Privato di Koh Taen &amp; Koh Madsum:<\/strong><\/h3>\n\n\n\n<p>La gita perfetta se vi piace un\u2019escursione facile e tranquilla senza coprire distanze molto lunghe ed essere fuori per un giorno intero. Trattandosi di un tour privato, tutto \u00e8 programmato a vostro piacimento senza la necessita\u2019 di seguire un programma fisso. Inoltre riceverete un servizio piu\u2019 personale e tutta l&#8217;attenzione della guida ed il personale, che \u00e8 fantastico. Vi consigliamo di iniziare il tour di mattina presto per evitare le folle, ma alla fine scelta e\u2019 vostra.<\/p>\n\n\n\n<p><strong>Le isole:\u2028<\/strong><\/p>\n\n\n\n<p>Koh Tan e Koh Madsum sono un piccolo angolo di paradiso che offre buone opportunit\u00e0 per lo snorkeling e anche una bellissima spiaggia bagnata da acqua cristallina. Non hanno incredibili paesaggi e panorami come si potrebbero trovare in posti pi\u00f9 popolari come il Parco Marino di <a href=\"https:\/\/www.easydaysamui.com\/things-to-do-in-koh-samui\/samui-kayaking-snorkeling\/\">Ang Thong<\/a> o <a href=\"https:\/\/www.easydaysamui.com\/wp-content\/uploads\/2020\/03\/Koh-Samui-Snorkeling.jpg\">Koh Tao &amp; Koh Nangyuan<\/a>, d&#8217;altra parte sono molto meno affollate di turisti ed \u00e8 perfetto se volete visitare luoghi un po&#8217; fuori dai soliti sentieri battuti.<\/p>\n\n\n\n<p><strong>Lo snorkeling:<\/strong><\/p>\n\n\n\n<p>Lo snorkeling a Koh Taen \u00e8 molto soddisfacente e facile. La barriera corallina \u00e8 poco profonda e sana, con una grande variet\u00e0 di coralli duri e piccoli pesci tropicali variopinti. Tuttavia a volte la visibilit\u00e0 in acqua pu\u00f2 essere mediocre specialmente se il mare e\u2019 stato mosso in giorni precedenti.<\/p>\n\n\n\n<p><strong>La spiaggia:<\/strong><\/p>\n\n\n\n<p>Koh Madsum ha una lunga e bella spiaggia di sabbia bianca con acqua cristallina ed \u00e8 quasi deserta, fino a tarda mattinata quando arrivano altre imbarcazioni ma anche allora \u00e8 ancora abbastanza tranquilla. L&#8217;acqua al largo della spiaggia di Koh Madsum \u00e8 molto bassa, perfetta per i bambini piccoli, mentre si pu\u00f2 non amare se preferite le spiagge dove l&#8217;acqua diventa profonda rapidamente.<\/p>\n\n\n\n<p class=\"has-text-align-right\"><a href=\"#form\"class=\"wpz-sc-button  green small\" style=\"\"><span><i class=\"fa fa-envelope-o\" style=\"padding-right:6px;\"><\/i>Prenota \/ Contattaci<\/span><\/a><\/p>\n\n\n\n<h3 class=\"wp-block-heading\" id=\"form\">Contattaci Ora &#8211; Tour Privato di Koh Tan &amp; Koh Madsum<\/h3>\n\n\n\n<div class=\"wp-block-leadin-hubspot-form-block\">\n\t\t\t\t\t\t<script>\n\t\t\t\t\t\t\twindow.hsFormsOnReady = window.hsFormsOnReady || [];\n\t\t\t\t\t\t\twindow.hsFormsOnReady.push(()=>{\n\t\t\t\t\t\t\t\thbspt.forms.create({\n\t\t\t\t\t\t\t\t\tportalId: 3413662,\n\t\t\t\t\t\t\t\t\tformId: \"08dbfc6a-81f4-4064-844a-ae467c1ff703\",\n\t\t\t\t\t\t\t\t\ttarget: \"#hbspt-form-1778914367000-0073237518\",\n\t\t\t\t\t\t\t\t\tregion: \"na1\",\n\t\t\t\t\t\t\t\t\t\n\t\t\t\t\t\t\t})});\n\t\t\t\t\t\t<\/script>\n\t\t\t\t\t\t<div class=\"hbspt-form\" id=\"hbspt-form-1778914367000-0073237518\"><\/div><\/div>\n","protected":false},"excerpt":{"rendered":"<p>Il Tour privato di Easy Day alle isole Koh Tan e Koh Madsum in barca long tail \u00e8 una bella e facile escursione da Koh Samui che unisce buon snorkeling [&hellip;]<\/p>\n","protected":false},"author":15,"featured_media":5190,"parent":2439,"menu_order":0,"comment_status":"closed","ping_status":"closed","template":"","meta":{"_et_pb_use_builder":"","_et_pb_old_content":"","_et_gb_content_width":"","content-type":"","footnotes":""},"class_list":["post-5687","page","type-page","status-publish","has-post-thumbnail","hentry"],"yoast_head":"<!-- This site is optimized with the Yoast SEO plugin v25.1 - https:\/\/yoast.com\/wordpress\/plugins\/seo\/ -->\n<title>Tour privato delle isole Koh Tan &amp; Koh Madsum - Easy Day Samui Tours<\/title>\n<meta name=\"robots\" content=\"index, follow, max-snippet:-1, max-image-preview:large, max-video-preview:-1\" \/>\n<link rel=\"canonical\" href=\"https:\/\/www.easydaysamui.com\/it\/attivita-escursioni-a-koh-samui\/tour-privato-delle-isole-koh-tan-koh-madsum\/\" \/>\n<meta property=\"og:locale\" content=\"it_IT\" \/>\n<meta property=\"og:type\" content=\"article\" \/>\n<meta property=\"og:title\" content=\"Tour privato delle isole Koh Tan &amp; Koh Madsum - Easy Day Samui Tours\" \/>\n<meta property=\"og:description\" content=\"Il Tour privato di Easy Day alle isole Koh Tan e Koh Madsum in barca long tail \u00e8 una bella e facile escursione da Koh Samui che unisce buon snorkeling [&hellip;]\" \/>\n<meta property=\"og:url\" content=\"https:\/\/www.easydaysamui.com\/it\/attivita-escursioni-a-koh-samui\/tour-privato-delle-isole-koh-tan-koh-madsum\/\" \/>\n<meta property=\"og:site_name\" content=\"Easy Day Samui Tours\" \/>\n<meta property=\"article:modified_time\" content=\"2024-06-23T17:58:12+00:00\" \/>\n<meta property=\"og:image\" content=\"https:\/\/www.easydaysamui.com\/wp-content\/uploads\/2017\/08\/Feature-Koh-Taen-Koh-Madsum.jpg\" \/>\n\t<meta property=\"og:image:width\" content=\"620\" \/>\n\t<meta property=\"og:image:height\" content=\"250\" \/>\n\t<meta property=\"og:image:type\" content=\"image\/jpeg\" \/>\n<meta name=\"twitter:label1\" content=\"Tempo di lettura stimato\" \/>\n\t<meta name=\"twitter:data1\" content=\"7 minuti\" \/>\n<script type=\"application\/ld+json\" class=\"yoast-schema-graph\">{\"@context\":\"https:\/\/schema.org\",\"@graph\":[{\"@type\":\"WebPage\",\"@id\":\"https:\/\/www.easydaysamui.com\/it\/attivita-escursioni-a-koh-samui\/tour-privato-delle-isole-koh-tan-koh-madsum\/\",\"url\":\"https:\/\/www.easydaysamui.com\/it\/attivita-escursioni-a-koh-samui\/tour-privato-delle-isole-koh-tan-koh-madsum\/\",\"name\":\"Tour privato delle isole Koh Tan & Koh Madsum - Easy Day Samui Tours\",\"isPartOf\":{\"@id\":\"https:\/\/www.easydaysamui.com\/#website\"},\"primaryImageOfPage\":{\"@id\":\"https:\/\/www.easydaysamui.com\/it\/attivita-escursioni-a-koh-samui\/tour-privato-delle-isole-koh-tan-koh-madsum\/#primaryimage\"},\"image\":{\"@id\":\"https:\/\/www.easydaysamui.com\/it\/attivita-escursioni-a-koh-samui\/tour-privato-delle-isole-koh-tan-koh-madsum\/#primaryimage\"},\"thumbnailUrl\":\"https:\/\/www.easydaysamui.com\/wp-content\/uploads\/2017\/08\/Feature-Koh-Taen-Koh-Madsum.jpg\",\"datePublished\":\"2019-05-22T13:35:00+00:00\",\"dateModified\":\"2024-06-23T17:58:12+00:00\",\"breadcrumb\":{\"@id\":\"https:\/\/www.easydaysamui.com\/it\/attivita-escursioni-a-koh-samui\/tour-privato-delle-isole-koh-tan-koh-madsum\/#breadcrumb\"},\"inLanguage\":\"it-IT\",\"potentialAction\":[{\"@type\":\"ReadAction\",\"target\":[\"https:\/\/www.easydaysamui.com\/it\/attivita-escursioni-a-koh-samui\/tour-privato-delle-isole-koh-tan-koh-madsum\/\"]}]},{\"@type\":\"ImageObject\",\"inLanguage\":\"it-IT\",\"@id\":\"https:\/\/www.easydaysamui.com\/it\/attivita-escursioni-a-koh-samui\/tour-privato-delle-isole-koh-tan-koh-madsum\/#primaryimage\",\"url\":\"https:\/\/www.easydaysamui.com\/wp-content\/uploads\/2017\/08\/Feature-Koh-Taen-Koh-Madsum.jpg\",\"contentUrl\":\"https:\/\/www.easydaysamui.com\/wp-content\/uploads\/2017\/08\/Feature-Koh-Taen-Koh-Madsum.jpg\",\"width\":620,\"height\":250},{\"@type\":\"BreadcrumbList\",\"@id\":\"https:\/\/www.easydaysamui.com\/it\/attivita-escursioni-a-koh-samui\/tour-privato-delle-isole-koh-tan-koh-madsum\/#breadcrumb\",\"itemListElement\":[{\"@type\":\"ListItem\",\"position\":1,\"name\":\"Home\",\"item\":\"https:\/\/www.easydaysamui.com\/\"},{\"@type\":\"ListItem\",\"position\":2,\"name\":\"Attivit\u00e0 &#038; Escursioni a Koh Samui\",\"item\":\"https:\/\/www.easydaysamui.com\/it\/attivita-escursioni-a-koh-samui\/\"},{\"@type\":\"ListItem\",\"position\":3,\"name\":\"Tour privato delle isole Koh Tan &#038; Koh Madsum\"}]},{\"@type\":\"WebSite\",\"@id\":\"https:\/\/www.easydaysamui.com\/#website\",\"url\":\"https:\/\/www.easydaysamui.com\/\",\"name\":\"Easy Day Samui Tours\",\"description\":\"Per le tue vacanze a Samui\",\"potentialAction\":[{\"@type\":\"SearchAction\",\"target\":{\"@type\":\"EntryPoint\",\"urlTemplate\":\"https:\/\/www.easydaysamui.com\/?s={search_term_string}\"},\"query-input\":{\"@type\":\"PropertyValueSpecification\",\"valueRequired\":true,\"valueName\":\"search_term_string\"}}],\"inLanguage\":\"it-IT\"}]}<\/script>\n<!-- \/ Yoast SEO plugin. -->","yoast_head_json":{"title":"Tour privato delle isole Koh Tan & Koh Madsum - Easy Day Samui Tours","robots":{"index":"index","follow":"follow","max-snippet":"max-snippet:-1","max-image-preview":"max-image-preview:large","max-video-preview":"max-video-preview:-1"},"canonical":"https:\/\/www.easydaysamui.com\/it\/attivita-escursioni-a-koh-samui\/tour-privato-delle-isole-koh-tan-koh-madsum\/","og_locale":"it_IT","og_type":"article","og_title":"Tour privato delle isole Koh Tan & Koh Madsum - Easy Day Samui Tours","og_description":"Il Tour privato di Easy Day alle isole Koh Tan e Koh Madsum in barca long tail \u00e8 una bella e facile escursione da Koh Samui che unisce buon snorkeling [&hellip;]","og_url":"https:\/\/www.easydaysamui.com\/it\/attivita-escursioni-a-koh-samui\/tour-privato-delle-isole-koh-tan-koh-madsum\/","og_site_name":"Easy Day Samui Tours","article_modified_time":"2024-06-23T17:58:12+00:00","og_image":[{"width":620,"height":250,"url":"https:\/\/www.easydaysamui.com\/wp-content\/uploads\/2017\/08\/Feature-Koh-Taen-Koh-Madsum.jpg","type":"image\/jpeg"}],"twitter_misc":{"Tempo di lettura stimato":"7 minuti"},"schema":{"@context":"https:\/\/schema.org","@graph":[{"@type":"WebPage","@id":"https:\/\/www.easydaysamui.com\/it\/attivita-escursioni-a-koh-samui\/tour-privato-delle-isole-koh-tan-koh-madsum\/","url":"https:\/\/www.easydaysamui.com\/it\/attivita-escursioni-a-koh-samui\/tour-privato-delle-isole-koh-tan-koh-madsum\/","name":"Tour privato delle isole Koh Tan & Koh Madsum - Easy Day Samui Tours","isPartOf":{"@id":"https:\/\/www.easydaysamui.com\/#website"},"primaryImageOfPage":{"@id":"https:\/\/www.easydaysamui.com\/it\/attivita-escursioni-a-koh-samui\/tour-privato-delle-isole-koh-tan-koh-madsum\/#primaryimage"},"image":{"@id":"https:\/\/www.easydaysamui.com\/it\/attivita-escursioni-a-koh-samui\/tour-privato-delle-isole-koh-tan-koh-madsum\/#primaryimage"},"thumbnailUrl":"https:\/\/www.easydaysamui.com\/wp-content\/uploads\/2017\/08\/Feature-Koh-Taen-Koh-Madsum.jpg","datePublished":"2019-05-22T13:35:00+00:00","dateModified":"2024-06-23T17:58:12+00:00","breadcrumb":{"@id":"https:\/\/www.easydaysamui.com\/it\/attivita-escursioni-a-koh-samui\/tour-privato-delle-isole-koh-tan-koh-madsum\/#breadcrumb"},"inLanguage":"it-IT","potentialAction":[{"@type":"ReadAction","target":["https:\/\/www.easydaysamui.com\/it\/attivita-escursioni-a-koh-samui\/tour-privato-delle-isole-koh-tan-koh-madsum\/"]}]},{"@type":"ImageObject","inLanguage":"it-IT","@id":"https:\/\/www.easydaysamui.com\/it\/attivita-escursioni-a-koh-samui\/tour-privato-delle-isole-koh-tan-koh-madsum\/#primaryimage","url":"https:\/\/www.easydaysamui.com\/wp-content\/uploads\/2017\/08\/Feature-Koh-Taen-Koh-Madsum.jpg","contentUrl":"https:\/\/www.easydaysamui.com\/wp-content\/uploads\/2017\/08\/Feature-Koh-Taen-Koh-Madsum.jpg","width":620,"height":250},{"@type":"BreadcrumbList","@id":"https:\/\/www.easydaysamui.com\/it\/attivita-escursioni-a-koh-samui\/tour-privato-delle-isole-koh-tan-koh-madsum\/#breadcrumb","itemListElement":[{"@type":"ListItem","position":1,"name":"Home","item":"https:\/\/www.easydaysamui.com\/"},{"@type":"ListItem","position":2,"name":"Attivit\u00e0 &#038; Escursioni a Koh Samui","item":"https:\/\/www.easydaysamui.com\/it\/attivita-escursioni-a-koh-samui\/"},{"@type":"ListItem","position":3,"name":"Tour privato delle isole Koh Tan &#038; Koh Madsum"}]},{"@type":"WebSite","@id":"https:\/\/www.easydaysamui.com\/#website","url":"https:\/\/www.easydaysamui.com\/","name":"Easy Day Samui Tours","description":"Per le tue vacanze a Samui","potentialAction":[{"@type":"SearchAction","target":{"@type":"EntryPoint","urlTemplate":"https:\/\/www.easydaysamui.com\/?s={search_term_string}"},"query-input":{"@type":"PropertyValueSpecification","valueRequired":true,"valueName":"search_term_string"}}],"inLanguage":"it-IT"}]}},"jetpack-related-posts":[{"id":5866,"url":"https:\/\/www.easydaysamui.com\/it\/noleggio-motoscafo-koh-samui\/","url_meta":{"origin":5687,"position":0},"title":"Noleggio Motoscafo a Koh Samui","author":"Enrico","date":"Luglio 8, 2019","format":false,"excerpt":"Il noleggio di un motoscafo a Koh Samui per un viaggio intorno all'isola o una visita presso le vicine isole di Koh Madsum o Koh Tan e' perfetto per famiglie o piccoli gruppi desiderosi di fare un viaggio privato in motoscafo durante il soggiorno a Koh Samui.\u00a0Oppure dirigetevi verso l'incredibile\u2026","rel":"","context":"Articolo simile","block_context":{"text":"Articolo simile","link":""},"img":{"alt_text":"Noleggio Motoscafo a Koh Samui","src":"https:\/\/i0.wp.com\/www.easydaysamui.com\/wp-content\/uploads\/2019\/07\/Samui-Speedboat-Charter-1.jpg?resize=350%2C200&ssl=1","width":350,"height":200,"srcset":"https:\/\/i0.wp.com\/www.easydaysamui.com\/wp-content\/uploads\/2019\/07\/Samui-Speedboat-Charter-1.jpg?resize=350%2C200&ssl=1 1x, https:\/\/i0.wp.com\/www.easydaysamui.com\/wp-content\/uploads\/2019\/07\/Samui-Speedboat-Charter-1.jpg?resize=525%2C300&ssl=1 1.5x, https:\/\/i0.wp.com\/www.easydaysamui.com\/wp-content\/uploads\/2019\/07\/Samui-Speedboat-Charter-1.jpg?resize=700%2C400&ssl=1 2x, https:\/\/i0.wp.com\/www.easydaysamui.com\/wp-content\/uploads\/2019\/07\/Samui-Speedboat-Charter-1.jpg?resize=1050%2C600&ssl=1 3x"},"classes":[]},{"id":5130,"url":"https:\/\/www.easydaysamui.com\/things-to-do-in-koh-samui\/koh-tan-koh-madsum-private-tour\/","url_meta":{"origin":5687,"position":1},"title":"Koh Tan &#038; Koh Madsum Private Tour","author":"Francesco Ferrari","date":"Agosto 8, 2017","format":false,"excerpt":"Easy Day's PRIVATE\u00a0Tour to Koh Tan and Koh Madsum by long tail boat is a beautiful and easy day trip from Koh Samui, combining good snorkeling with relax time on a beautiful white sandy beach.\u00a0Koh Ten\u00a0(AKA Koh Taen) & Koh Madsum are very close to Koh Samui and non-touristy, so\u2026","rel":"","context":"Articolo simile","block_context":{"text":"Articolo simile","link":""},"img":{"alt_text":"Koh Tan and Koh Madsum","src":"https:\/\/i0.wp.com\/www.easydaysamui.com\/wp-content\/uploads\/2017\/08\/Feature-Koh-Taen-Koh-Madsum.jpg?resize=350%2C200&ssl=1","width":350,"height":200,"srcset":"https:\/\/i0.wp.com\/www.easydaysamui.com\/wp-content\/uploads\/2017\/08\/Feature-Koh-Taen-Koh-Madsum.jpg?resize=350%2C200&ssl=1 1x, https:\/\/i0.wp.com\/www.easydaysamui.com\/wp-content\/uploads\/2017\/08\/Feature-Koh-Taen-Koh-Madsum.jpg?resize=525%2C300&ssl=1 1.5x"},"classes":[]},{"id":5303,"url":"https:\/\/www.easydaysamui.com\/de\/koh-samui-ausfluege\/koh-tan-koh-madsum-privater-ausflug\/","url_meta":{"origin":5687,"position":2},"title":"Koh Tan &#038; Koh Madsum Privater Ausflug","author":"Francesco Ferrari","date":"Maggio 19, 2018","format":false,"excerpt":"Easy Day's private Tour nach Koh Tan and Koh Madsum mit dem traditionellen Longtailboot, ist eine Mischung aus schnorcheln und entspannen an einen der sch\u00f6nsten Str\u00e4nde von Koh Samui.\u00a0Koh Tan\u00a0(AKA Koh Taen) & Koh Madsum sind nicht weit von der Hauptinsel Koh Samui entfernt und relativ unber\u00fchrt mit wenigen Touristen.\u2026","rel":"","context":"Articolo simile","block_context":{"text":"Articolo simile","link":""},"img":{"alt_text":"","src":"https:\/\/i0.wp.com\/www.easydaysamui.com\/wp-content\/uploads\/2017\/08\/Feature-Koh-Taen-Koh-Madsum.jpg?resize=350%2C200&ssl=1","width":350,"height":200,"srcset":"https:\/\/i0.wp.com\/www.easydaysamui.com\/wp-content\/uploads\/2017\/08\/Feature-Koh-Taen-Koh-Madsum.jpg?resize=350%2C200&ssl=1 1x, https:\/\/i0.wp.com\/www.easydaysamui.com\/wp-content\/uploads\/2017\/08\/Feature-Koh-Taen-Koh-Madsum.jpg?resize=525%2C300&ssl=1 1.5x"},"classes":[]},{"id":5842,"url":"https:\/\/www.easydaysamui.com\/samui-boat-charter\/samui-speedboat\/","url_meta":{"origin":5687,"position":3},"title":"Koh Samui Speedboat","author":"Ingo Siewert","date":"Aprile 6, 2023","format":false,"excerpt":"Charter your Koh Samui Speedboat for a trip around the island or a visit at the near by islands of Koh Madsum or Koh Tan. Or head over to the amazing Ang Thong National Park. This 27ft Fiberglass Thai Speedboat with Yamaha 4 Stroke Outboard engine is perfect for couples,\u2026","rel":"","context":"Articolo simile","block_context":{"text":"Articolo simile","link":""},"img":{"alt_text":"Samui Speedboat Charter","src":"https:\/\/i0.wp.com\/www.easydaysamui.com\/wp-content\/uploads\/2019\/07\/Samui-Speedboat-Charter-1.jpg?resize=350%2C200&ssl=1","width":350,"height":200,"srcset":"https:\/\/i0.wp.com\/www.easydaysamui.com\/wp-content\/uploads\/2019\/07\/Samui-Speedboat-Charter-1.jpg?resize=350%2C200&ssl=1 1x, https:\/\/i0.wp.com\/www.easydaysamui.com\/wp-content\/uploads\/2019\/07\/Samui-Speedboat-Charter-1.jpg?resize=525%2C300&ssl=1 1.5x, https:\/\/i0.wp.com\/www.easydaysamui.com\/wp-content\/uploads\/2019\/07\/Samui-Speedboat-Charter-1.jpg?resize=700%2C400&ssl=1 2x, https:\/\/i0.wp.com\/www.easydaysamui.com\/wp-content\/uploads\/2019\/07\/Samui-Speedboat-Charter-1.jpg?resize=1050%2C600&ssl=1 3x"},"classes":[]},{"id":3986,"url":"https:\/\/www.easydaysamui.com\/it\/traghetto-a-koh-samui-spostamenti\/","url_meta":{"origin":5687,"position":4},"title":"Traghetto a Koh Samui &amp; Spostamenti","author":"Enrico","date":"Febbraio 1, 2016","format":false,"excerpt":"Lomprayah - Traghetto per Koh Samui Traghetto a Koh Samui & Prenotazione e informazioni sugli spostamenti a Samui \u2013 Prenota i tuoi spostamenti da e verso Koh Samui in minibus classe VIP con aria condizionata o su traghetti veloci! Prenotate per tempo per avere la garanzia di arrivare dove volete,\u2026","rel":"","context":"Articolo simile","block_context":{"text":"Articolo simile","link":""},"img":{"alt_text":"","src":"https:\/\/i0.wp.com\/www.easydaysamui.com\/wp-content\/uploads\/2015\/08\/Lomprayah-Koh-Samui-Ferry-Transfer.jpg?resize=350%2C200&ssl=1","width":350,"height":200,"srcset":"https:\/\/i0.wp.com\/www.easydaysamui.com\/wp-content\/uploads\/2015\/08\/Lomprayah-Koh-Samui-Ferry-Transfer.jpg?resize=350%2C200&ssl=1 1x, https:\/\/i0.wp.com\/www.easydaysamui.com\/wp-content\/uploads\/2015\/08\/Lomprayah-Koh-Samui-Ferry-Transfer.jpg?resize=525%2C300&ssl=1 1.5x"},"classes":[]},{"id":4695,"url":"https:\/\/www.easydaysamui.com\/de\/das-treasure-resort-und-tagesausfluege\/","url_meta":{"origin":5687,"position":5},"title":"Das Treasure Resort auf Koh Madsum","author":"Ingo Siewert","date":"Dicembre 7, 2016","format":false,"excerpt":"Das Treasure Resort auf der kleinen Insel Koh Madsum hei\u00dft jetzt Koh Madusum.\u00a0 Das Treasure Resort liegt auf der kleinen Insel im S\u00fcden von Koh Samui. Es bietet den G\u00e4sten eine einzigartige Tropische Atmosph\u00e4re. Wo Sie Ihre Sinne in der Stille verw\u00f6hnen k\u00f6nnen. Die Spektakul\u00e4re Aussicht zu der nahe gelegenen\u2026","rel":"","context":"Articolo simile","block_context":{"text":"Articolo simile","link":""},"img":{"alt_text":"","src":"https:\/\/i0.wp.com\/www.easydaysamui.com\/wp-content\/uploads\/2014\/05\/Thye-Treasure-Bath-Tub-150x150.jpg?resize=350%2C200&ssl=1","width":350,"height":200},"classes":[]}],"jetpack_sharing_enabled":true,"_links":{"self":[{"href":"https:\/\/www.easydaysamui.com\/it\/wp-json\/wp\/v2\/pages\/5687","targetHints":{"allow":["GET"]}}],"collection":[{"href":"https:\/\/www.easydaysamui.com\/it\/wp-json\/wp\/v2\/pages"}],"about":[{"href":"https:\/\/www.easydaysamui.com\/it\/wp-json\/wp\/v2\/types\/page"}],"author":[{"embeddable":true,"href":"https:\/\/www.easydaysamui.com\/it\/wp-json\/wp\/v2\/users\/15"}],"replies":[{"embeddable":true,"href":"https:\/\/www.easydaysamui.com\/it\/wp-json\/wp\/v2\/comments?post=5687"}],"version-history":[{"count":0,"href":"https:\/\/www.easydaysamui.com\/it\/wp-json\/wp\/v2\/pages\/5687\/revisions"}],"up":[{"embeddable":true,"href":"https:\/\/www.easydaysamui.com\/it\/wp-json\/wp\/v2\/pages\/2439"}],"wp:featuredmedia":[{"embeddable":true,"href":"https:\/\/www.easydaysamui.com\/it\/wp-json\/wp\/v2\/media\/5190"}],"wp:attachment":[{"href":"https:\/\/www.easydaysamui.com\/it\/wp-json\/wp\/v2\/media?parent=5687"}],"curies":[{"name":"wp","href":"https:\/\/api.w.org\/{rel}","templated":true}]}}